
{"id":15,"date":"2019-06-13T23:07:02","date_gmt":"2019-06-13T21:07:02","guid":{"rendered":"http:\/\/atelier-citoyen.org\/?page_id=15"},"modified":"2023-01-22T23:43:19","modified_gmt":"2023-01-22T22:43:19","slug":"charte-de-latelier-citoyen","status":"publish","type":"page","link":"https:\/\/www.atelier-citoyen.org\/site\/charte-de-latelier-citoyen\/","title":{"rendered":"Charte de l&rsquo;Atelier Citoyen"},"content":{"rendered":"\n<p><strong>Qui sommes nous<\/strong><\/p>\n\n\n\n<p>Nous sommes des Plaisan\u00e7oises et Plaisan\u00e7ois r\u00e9unis pour apporter de nouvelles m\u00e9thodes de gouvernance \u00e0 notre commune.<\/p>\n\n\n\n<p>Nous voulons stimuler la D\u00e9mocratie locale et augmenter la participation populaire aux d\u00e9cisions collectives, afin de redonner le pouvoir au peuple.<\/p>\n\n\n\n<p>Nous sommes des personnes appartenant \u00e0 diff\u00e9rents partis politiques de gauche ou sans affiliations politiques, issues de la soci\u00e9t\u00e9 civile, mais ayant en commun la volont\u00e9 de travailler, librement ensemble, pour promouvoir une gouvernance d\u00e9mocratique de notre Commune.<\/p>\n\n\n\n<p><strong>Ce que nous voulons<\/strong><\/p>\n\n\n\n<p>1. D\u00e9fendre, promouvoir et cr\u00e9er des services publics, qui sont le moyen essentiel pour que chacun ait acc\u00e8s, de fa\u00e7on \u00e9quitable, aux biens et services n\u00e9cessaires \u00e0 une vie digne. Les services publics sont une des conditions de la coh\u00e9sion sociale.<\/p>\n\n\n\n<p>2. Redistribuer les richesses cr\u00e9\u00e9es pour supprimer les in\u00e9galit\u00e9s li\u00e9es aux conditions sociales. Participer \u00e0 \u00e9liminer toutes les pr\u00e9carit\u00e9s.<\/p>\n\n\n\n<p>3. Garantir la Libert\u00e9 et l&rsquo;\u00c9galit\u00e9 de tous dans le respect de la loi et des int\u00e9r\u00eats de la collectivit\u00e9.<\/p>\n\n\n\n<p>4. D\u00e9fendre l&rsquo;\u00e9cologie et soutenir un d\u00e9veloppement \u00e9conomique soucieux de l&rsquo;impact sur notre soci\u00e9t\u00e9 et son environnement. Ne pas demander \u00e0 la Terre plus qu&rsquo;elle ne peut produire. D\u00e9velopper les \u00e9nergies renouvelables pour supprimer les effets n\u00e9fastes des gaz \u00e0 effet de serre et les d\u00e9chets nuisibles.<\/p>\n\n\n\n<p>5. Promouvoir une consommation raisonn\u00e9e pour donner aux Plaisan\u00e7ois les moyens d&rsquo;\u00eatre des consom&rsquo;acteurs.<br>La consommation a un impact important sur notre sant\u00e9 et notre comportement social. La distribution doit \u00eatre organis\u00e9e dans des lieux \u00e0 taille humaine et conviviaux.<\/p>\n\n\n\n<p>6. Renouer avec un service public de l&rsquo;enfance qui doit travailler en co-construction avec les parents et les professionnels, permettant ainsi un acc\u00e8s \u00e0 l&rsquo;\u00e9ducation pour tous et dans le respect de tous.<\/p>\n\n\n\n<p>7. D\u00e9velopper la pr\u00e9vention et l&rsquo;\u00e9ducation avant la r\u00e9pression. La bataille contre les incivilit\u00e9s sera gagn\u00e9e par la culture. Agir et d\u00e9noncer toutes les formes de discriminations.<\/p>\n\n\n\n<p>8. Cr\u00e9er les conditions d&rsquo;un acc\u00e8s de tous \u00e0 la culture. La culture doit \u00eatre multiple et ne peut se limiter aux offres marchandes. La culture est un facteur essentiel du d\u00e9veloppement humain.<\/p>\n\n\n\n<p>9. Stimuler les associations plaisan\u00e7oises \u00e0 d\u00e9velopper l&rsquo;\u00e9ducation populaire. Les associations sont la meilleure \u00e9cole de la d\u00e9mocratie. Les subventions doivent \u00eatres octroy\u00e9es par une commission paritaire.<\/p>\n\n\n\n<p>10. Donner le droit \u00e0 la r\u00e9vocation des \u00e9lus par les citoyennes et citoyens ainsi que le droit de vote des \u00e9trangers r\u00e9sidents. Le droit de vote d\u00e8s 16 ans r\u00e9volus.<\/p>\n\n\n\n<p>11. Innover dans la gouvernance municipale, en pratiquant une politique qui ne soit, ni lib\u00e9rale, ni austeritaire, ni centralisatrice.<\/p>\n\n\n\n<p><\/p>\n","protected":false},"excerpt":{"rendered":"<p>Qui sommes nous Nous sommes des Plaisan\u00e7oises et Plaisan\u00e7ois r\u00e9unis pour apporter de nouvelles m\u00e9thodes de gouvernance \u00e0 notre commune. Nous voulons stimuler la D\u00e9mocratie locale et augmenter la participation populaire aux d\u00e9cisions collectives, afin de redonner le pouvoir au peuple. Nous sommes des personnes appartenant \u00e0 diff\u00e9rents partis politiques de gauche ou sans affiliations&hellip;&nbsp;<a href=\"https:\/\/www.atelier-citoyen.org\/site\/charte-de-latelier-citoyen\/\" rel=\"bookmark\">Lire la suite &raquo;<span class=\"screen-reader-text\">Charte de l&rsquo;Atelier Citoyen<\/span><\/a><\/p>\n","protected":false},"author":1,"featured_media":0,"parent":0,"menu_order":0,"comment_status":"closed","ping_status":"open","template":"","meta":{"neve_meta_sidebar":"","neve_meta_container":"","neve_meta_enable_content_width":"","neve_meta_content_width":0,"neve_meta_title_alignment":"","neve_meta_author_avatar":"","neve_post_elements_order":"","neve_meta_disable_header":"","neve_meta_disable_footer":"","neve_meta_disable_title":"","footnotes":""},"class_list":["post-15","page","type-page","status-publish","hentry"],"_links":{"self":[{"href":"https:\/\/www.atelier-citoyen.org\/site\/wp-json\/wp\/v2\/pages\/15","targetHints":{"allow":["GET"]}}],"collection":[{"href":"https:\/\/www.atelier-citoyen.org\/site\/wp-json\/wp\/v2\/pages"}],"about":[{"href":"https:\/\/www.atelier-citoyen.org\/site\/wp-json\/wp\/v2\/types\/page"}],"author":[{"embeddable":true,"href":"https:\/\/www.atelier-citoyen.org\/site\/wp-json\/wp\/v2\/users\/1"}],"replies":[{"embeddable":true,"href":"https:\/\/www.atelier-citoyen.org\/site\/wp-json\/wp\/v2\/comments?post=15"}],"version-history":[{"count":4,"href":"https:\/\/www.atelier-citoyen.org\/site\/wp-json\/wp\/v2\/pages\/15\/revisions"}],"predecessor-version":[{"id":3278,"href":"https:\/\/www.atelier-citoyen.org\/site\/wp-json\/wp\/v2\/pages\/15\/revisions\/3278"}],"wp:attachment":[{"href":"https:\/\/www.atelier-citoyen.org\/site\/wp-json\/wp\/v2\/media?parent=15"}],"curies":[{"name":"wp","href":"https:\/\/api.w.org\/{rel}","templated":true}]}}