
{"id":178,"date":"2020-10-05T20:08:15","date_gmt":"2020-10-05T18:08:15","guid":{"rendered":"http:\/\/plaisanceagauche.fr\/?page_id=2"},"modified":"2020-10-11T15:40:04","modified_gmt":"2020-10-11T13:40:04","slug":"page-d-exemple-2","status":"publish","type":"page","link":"https:\/\/www.atelier-citoyen.org\/site\/","title":{"rendered":"Association ACT, une vision innovante du territoire"},"content":{"rendered":"\n<div class=\"wp-block-group\"><div class=\"wp-block-group__inner-container is-layout-flow wp-block-group-is-layout-flow\">\n<p>L\u2019association <strong>Atelier Citoyen du Touch<\/strong>, que nous appelons <strong>ACT<\/strong>, a \u00e9t\u00e9 fond\u00e9e dans le courant de l\u2019\u00e9t\u00e9 2020, par des <strong>Plaisan\u00e7oises et Plaisan\u00e7ois<\/strong> d\u00e9sireux de promouvoir de <strong>nouvelles m\u00e9thodes de gouvernance d\u00e9mocratique directe et permanente, <\/strong>mais aussi d&rsquo;intervenir sur des th\u00e8mes fondamentaux tels que <strong>l&rsquo;action sociale, les activit\u00e9s culturelles, l&rsquo;\u00e9ducation populaire ou la protection de l&rsquo;environnement<\/strong>. Cette association est une \u00e9manation de l\u2019<strong>Atelier Citoyen<\/strong>, collectif cr\u00e9\u00e9 \u00e0 Plaisance en 2018, pour stimuler la D\u00e9mocratie, et dont le fonctionnement repose sur une charte r\u00e9dig\u00e9e collectivement et sign\u00e9e par tous ses membres (<a href=\"http:\/\/atelier-citoyen.org\/charte-de-latelier-citoyen\/\" target=\"_blank\" rel=\"noopener noreferrer\">\u00e0 lire ici)<\/a>.<\/p>\n<figure id=\"attachment_315\" aria-describedby=\"caption-attachment-315\" style=\"width: 1024px\" class=\"wp-caption aligncenter\"><img loading=\"lazy\" decoding=\"async\" class=\"wp-image-315 size-large\" src=\"https:\/\/www.atelier-citoyen.org\/site\/wp-content\/uploads\/2020\/10\/20200220_080406-1024x576.jpg\" alt=\"\" width=\"1024\" height=\"576\" srcset=\"https:\/\/www.atelier-citoyen.org\/site\/wp-content\/uploads\/2020\/10\/20200220_080406-1024x576.jpg 1024w, https:\/\/www.atelier-citoyen.org\/site\/wp-content\/uploads\/2020\/10\/20200220_080406-300x169.jpg 300w, https:\/\/www.atelier-citoyen.org\/site\/wp-content\/uploads\/2020\/10\/20200220_080406-768x432.jpg 768w, https:\/\/www.atelier-citoyen.org\/site\/wp-content\/uploads\/2020\/10\/20200220_080406-1536x864.jpg 1536w, https:\/\/www.atelier-citoyen.org\/site\/wp-content\/uploads\/2020\/10\/20200220_080406-2048x1152.jpg 2048w\" sizes=\"auto, (max-width: 1024px) 100vw, 1024px\" \/><figcaption id=\"caption-attachment-315\" class=\"wp-caption-text\">L&rsquo;arriv\u00e9e au lac Soulas<\/figcaption><\/figure>\n<p><strong>Que proposons-nous\u00a0?<\/strong><\/p>\n<p>L\u2019association <strong>Atelier Citoyen du Touch<\/strong> a pour principaux objectifs\u00a0:<\/p>\n<ul>\n<li>De r\u00e9fl\u00e9chir \u00e0 la promotion de <strong>nouvelles m\u00e9thodes de gouvernance d\u00e9mocratique directe et permanente<\/strong><\/li>\n<li>De favoriser la <strong>participation populaire aux d\u00e9cisions collectives<\/strong> afin de redonner le pouvoir au citoyen<\/li>\n<li>De d\u00e9fendre et promouvoir <strong>le service public<\/strong><\/li>\n<li>De promouvoir un <strong>d\u00e9veloppement \u00e9conomique soucieux de son impact sur notre soci\u00e9t\u00e9 et son environnement<\/strong> et de d\u00e9velopper <strong>les \u00e9nergies renouvelables<\/strong><\/li>\n<li>De favoriser la cr\u00e9ation de <strong>jardins partag\u00e9s urbains en production biologique<\/strong><\/li>\n<li>De participer \u00e0 la promotion d\u2019une <strong>consommation raisonn\u00e9e locale<\/strong><\/li>\n<li>De favoriser le d\u00e9veloppement de<strong> commerces de proximit\u00e9 dans des lieux \u00e0 taille humaine et conviviaux<\/strong><\/li>\n<li>D\u2019agir pour <strong>d\u00e9noncer toutes les formes de discriminations<\/strong><\/li>\n<li>D\u2019initier et soutenir<strong> les activit\u00e9s culturelles<\/strong><\/li>\n<li>De travailler en collaboration avec les associations d\u00e9veloppant <strong>l&rsquo;\u00e9ducation populaire<\/strong><\/li>\n<li>De d\u00e9fendre le <strong>patrimoine architectural, culturel et environnemental<\/strong><\/li>\n<li><strong>D\u2019ester en justice<\/strong> aussi souvent que n\u00e9cessaire<\/li>\n<li>De mettre en \u0153uvre toute action qu\u2019elle jugera utile<\/li>\n<\/ul>\n<p><img loading=\"lazy\" decoding=\"async\" class=\"size-medium wp-image-313 aligncenter\" src=\"https:\/\/www.atelier-citoyen.org\/site\/wp-content\/uploads\/2020\/10\/20200119_172539-Copie-300x225.jpg\" alt=\"\" width=\"300\" height=\"225\" srcset=\"https:\/\/www.atelier-citoyen.org\/site\/wp-content\/uploads\/2020\/10\/20200119_172539-Copie-300x225.jpg 300w, https:\/\/www.atelier-citoyen.org\/site\/wp-content\/uploads\/2020\/10\/20200119_172539-Copie-1024x768.jpg 1024w, https:\/\/www.atelier-citoyen.org\/site\/wp-content\/uploads\/2020\/10\/20200119_172539-Copie-768x576.jpg 768w, https:\/\/www.atelier-citoyen.org\/site\/wp-content\/uploads\/2020\/10\/20200119_172539-Copie-1536x1152.jpg 1536w, https:\/\/www.atelier-citoyen.org\/site\/wp-content\/uploads\/2020\/10\/20200119_172539-Copie-2048x1536.jpg 2048w\" sizes=\"auto, (max-width: 300px) 100vw, 300px\" \/><\/p>\n<p><strong>Comment proc\u00e9der\u00a0? <\/strong><\/p>\n<p>Nous souhaitons<\/p>\n<ul>\n<li>Cr\u00e9er et animer des <strong>lieux de partage<\/strong>, tels qu\u2019une <strong>maison des citoyens ou un caf\u00e9 citoyen<\/strong>.<\/li>\n<li>Organiser des <strong>ateliers, des r\u00e9unions publiques, des conf\u00e9rences, des forums, des manifestations, des formations, des bourses d\u2019\u00e9changes<\/strong>&#8230;<\/li>\n<\/ul>\n<p>Pour informer les Plaisan\u00e7ois, nous utiliserons le site internet atelier-citoyen.org, la communication sur les r\u00e9seaux sociaux, la publication de p\u00e9riodiques, d\u2019ouvrages, d\u2019affiches et de tracts.<\/p>\n<p><strong>Bienvenue \u00e0 tous, au sein de l\u2019association ACT !<\/strong><\/p>\n<\/div><\/div>\n\n\n\n<figure class=\"wp-block-image size-large\"><img loading=\"lazy\" decoding=\"async\" width=\"1969\" height=\"1312\" src=\"https:\/\/www.atelier-citoyen.org\/site\/wp-content\/uploads\/2020\/10\/DSC_1744-edited.jpg\" alt=\"\" class=\"wp-image-330\" srcset=\"https:\/\/www.atelier-citoyen.org\/site\/wp-content\/uploads\/2020\/10\/DSC_1744-edited.jpg 1969w, https:\/\/www.atelier-citoyen.org\/site\/wp-content\/uploads\/2020\/10\/DSC_1744-edited-300x200.jpg 300w, https:\/\/www.atelier-citoyen.org\/site\/wp-content\/uploads\/2020\/10\/DSC_1744-edited-1024x682.jpg 1024w, https:\/\/www.atelier-citoyen.org\/site\/wp-content\/uploads\/2020\/10\/DSC_1744-edited-768x512.jpg 768w, https:\/\/www.atelier-citoyen.org\/site\/wp-content\/uploads\/2020\/10\/DSC_1744-edited-1536x1023.jpg 1536w, https:\/\/www.atelier-citoyen.org\/site\/wp-content\/uploads\/2020\/10\/DSC_1744-edited-930x620.jpg 930w\" sizes=\"auto, (max-width: 1969px) 100vw, 1969px\" \/><\/figure>\n","protected":false},"excerpt":{"rendered":"<p>L\u2019association Atelier Citoyen du Touch, que nous appelons ACT, a \u00e9t\u00e9 fond\u00e9e dans le courant de l\u2019\u00e9t\u00e9 2020, par des Plaisan\u00e7oises et Plaisan\u00e7ois d\u00e9sireux de promouvoir de nouvelles m\u00e9thodes de gouvernance d\u00e9mocratique directe et permanente, mais aussi d&rsquo;intervenir sur des th\u00e8mes fondamentaux tels que l&rsquo;action sociale, les activit\u00e9s culturelles, l&rsquo;\u00e9ducation populaire ou la protection de&hellip;&nbsp;<a href=\"https:\/\/www.atelier-citoyen.org\/site\/\" rel=\"bookmark\">Lire la suite &raquo;<span class=\"screen-reader-text\">Association ACT, une vision innovante du territoire<\/span><\/a><\/p>\n","protected":false},"author":6,"featured_media":265,"parent":0,"menu_order":0,"comment_status":"open","ping_status":"open","template":"","meta":{"neve_meta_sidebar":"","neve_meta_container":"","neve_meta_enable_content_width":"","neve_meta_content_width":0,"neve_meta_title_alignment":"","neve_meta_author_avatar":"","neve_post_elements_order":"","neve_meta_disable_header":"","neve_meta_disable_footer":"","neve_meta_disable_title":"","footnotes":""},"class_list":["post-178","page","type-page","status-publish","has-post-thumbnail","hentry"],"_links":{"self":[{"href":"https:\/\/www.atelier-citoyen.org\/site\/wp-json\/wp\/v2\/pages\/178","targetHints":{"allow":["GET"]}}],"collection":[{"href":"https:\/\/www.atelier-citoyen.org\/site\/wp-json\/wp\/v2\/pages"}],"about":[{"href":"https:\/\/www.atelier-citoyen.org\/site\/wp-json\/wp\/v2\/types\/page"}],"author":[{"embeddable":true,"href":"https:\/\/www.atelier-citoyen.org\/site\/wp-json\/wp\/v2\/users\/6"}],"replies":[{"embeddable":true,"href":"https:\/\/www.atelier-citoyen.org\/site\/wp-json\/wp\/v2\/comments?post=178"}],"version-history":[{"count":10,"href":"https:\/\/www.atelier-citoyen.org\/site\/wp-json\/wp\/v2\/pages\/178\/revisions"}],"predecessor-version":[{"id":341,"href":"https:\/\/www.atelier-citoyen.org\/site\/wp-json\/wp\/v2\/pages\/178\/revisions\/341"}],"wp:featuredmedia":[{"embeddable":true,"href":"https:\/\/www.atelier-citoyen.org\/site\/wp-json\/wp\/v2\/media\/265"}],"wp:attachment":[{"href":"https:\/\/www.atelier-citoyen.org\/site\/wp-json\/wp\/v2\/media?parent=178"}],"curies":[{"name":"wp","href":"https:\/\/api.w.org\/{rel}","templated":true}]}}