
{"id":231,"date":"2020-10-02T16:01:17","date_gmt":"2020-10-02T14:01:17","guid":{"rendered":"http:\/\/atelier-citoyen.org\/?page_id=231"},"modified":"2025-01-07T00:11:21","modified_gmt":"2025-01-06T23:11:21","slug":"adhesion-a-lassociation-act","status":"publish","type":"page","link":"https:\/\/www.atelier-citoyen.org\/site\/adhesion-a-lassociation-act\/","title":{"rendered":"Adh\u00e9sion \u00e0 l&rsquo;association ACT"},"content":{"rendered":"\n<p>Pour adh\u00e9rer \u00e0 l&rsquo;association <strong>Atelier Citoyen du Touch<\/strong> (ACT) vous pouvez remplir votre bulletin d&rsquo;adh\u00e9sion et payer votre cotisation en ligne, <strong>sur le site Helloasso<\/strong>, ou imprimer le <strong>bulletin d&rsquo;adh\u00e9sion<\/strong> ci-dessous et l&rsquo;adresser avec votre cotisation en ch\u00e8que ou esp\u00e8ces \u00e0 l&rsquo;une des deux personnes indiqu\u00e9es sur le bulletin.<\/p>\n\n\n\n<p>L&rsquo;association est <strong>ouverte \u00e0 tous<\/strong>, y compris <strong>les mineurs<\/strong>, \u00e0 condition qu&rsquo;ils fournissent une <strong>autorisation parentale<\/strong>. Ce formulaire est \u00e0 imprimer ci-dessous. Vous devrez le joindre \u00e0 votre bulletin d&rsquo;adh\u00e9sion ou nous l&rsquo;envoyer par mail \u00e0 contact@atelier-citoyen.fr.<\/p>\n\n\n\n<p>Toute adh\u00e9sion \u00e0 l&rsquo;association ACT implique<strong> l&rsquo;acceptation de ses statuts<\/strong>, que vous pouvez consulter <a href=\"http:\/\/atelier-citoyen.org\/les-statuts-de-lassociation-act\/\" data-type=\"URL\" data-id=\"http:\/\/atelier-citoyen.org\/les-statuts-de-lassociation-act\/\" target=\"_blank\" rel=\"noreferrer noopener\">ici<\/a>. <\/p>\n\n\n\n<h2 class=\"wp-block-heading\">Helloasso<\/h2>\n\n\n\n<p><a href=\"https:\/\/www.helloasso.com\/associations\/act-atelier-citoyen-du-touch\">https:\/\/www.helloasso.com\/associations\/act-atelier-citoyen-du-touch\/adhesions\/act<\/a><\/p>\n\n\n\n<h2 class=\"wp-block-heading\">Bulletin d&rsquo;adh\u00e9sion \u00e0 imprimer<\/h2>\n\n\n\n<p><a href=\"https:\/\/www.atelier-citoyen.org\/site\/wp-content\/uploads\/2025\/01\/bulletin-dadhesion-ACT-2025.pdf\" data-type=\"URL\" data-id=\"https:\/\/www.atelier-citoyen.org\/site\/wp-content\/uploads\/2025\/01\/bulletin-dadhesion-ACT-2025.pdf\" target=\"_blank\" rel=\"noreferrer noopener\">T\u00e9l\u00e9charger le bulletin d&rsquo;adh\u00e9sion<\/a><\/p>\n\n\n\n<h2 class=\"wp-block-heading\">Autorisation parentale <\/h2>\n\n\n\n<p><a href=\"https:\/\/www.atelier-citoyen.org\/site\/wp-content\/uploads\/2020\/10\/Autorisation-parentale-avec-logo.pdf\" target=\"_blank\" rel=\"noreferrer noopener\">T\u00e9l\u00e9charger l&rsquo;autorisation parentale<\/a><\/p>\n","protected":false},"excerpt":{"rendered":"<p>Pour adh\u00e9rer \u00e0 l&rsquo;association Atelier Citoyen du Touch (ACT) vous pouvez remplir votre bulletin d&rsquo;adh\u00e9sion et payer votre cotisation en ligne, sur le site Helloasso, ou imprimer le bulletin d&rsquo;adh\u00e9sion ci-dessous et l&rsquo;adresser avec votre cotisation en ch\u00e8que ou esp\u00e8ces \u00e0 l&rsquo;une des deux personnes indiqu\u00e9es sur le bulletin. L&rsquo;association est ouverte \u00e0 tous, y&hellip;&nbsp;<a href=\"https:\/\/www.atelier-citoyen.org\/site\/adhesion-a-lassociation-act\/\" rel=\"bookmark\">Lire la suite &raquo;<span class=\"screen-reader-text\">Adh\u00e9sion \u00e0 l&rsquo;association ACT<\/span><\/a><\/p>\n","protected":false},"author":6,"featured_media":0,"parent":0,"menu_order":0,"comment_status":"closed","ping_status":"open","template":"","meta":{"neve_meta_sidebar":"default","neve_meta_container":"contained","neve_meta_enable_content_width":"on","neve_meta_content_width":68,"neve_meta_title_alignment":"","neve_meta_author_avatar":"","neve_post_elements_order":"","neve_meta_disable_header":"","neve_meta_disable_footer":"","neve_meta_disable_title":"","footnotes":""},"class_list":["post-231","page","type-page","status-publish","hentry"],"_links":{"self":[{"href":"https:\/\/www.atelier-citoyen.org\/site\/wp-json\/wp\/v2\/pages\/231","targetHints":{"allow":["GET"]}}],"collection":[{"href":"https:\/\/www.atelier-citoyen.org\/site\/wp-json\/wp\/v2\/pages"}],"about":[{"href":"https:\/\/www.atelier-citoyen.org\/site\/wp-json\/wp\/v2\/types\/page"}],"author":[{"embeddable":true,"href":"https:\/\/www.atelier-citoyen.org\/site\/wp-json\/wp\/v2\/users\/6"}],"replies":[{"embeddable":true,"href":"https:\/\/www.atelier-citoyen.org\/site\/wp-json\/wp\/v2\/comments?post=231"}],"version-history":[{"count":16,"href":"https:\/\/www.atelier-citoyen.org\/site\/wp-json\/wp\/v2\/pages\/231\/revisions"}],"predecessor-version":[{"id":3416,"href":"https:\/\/www.atelier-citoyen.org\/site\/wp-json\/wp\/v2\/pages\/231\/revisions\/3416"}],"wp:attachment":[{"href":"https:\/\/www.atelier-citoyen.org\/site\/wp-json\/wp\/v2\/media?parent=231"}],"curies":[{"name":"wp","href":"https:\/\/api.w.org\/{rel}","templated":true}]}}